{"id":466,"date":"2024-02-24T18:51:15","date_gmt":"2024-02-24T17:51:15","guid":{"rendered":"https:\/\/beta.sunflow.sjbdigital.dev\/domov-english\/"},"modified":"2024-03-27T11:43:29","modified_gmt":"2024-03-27T10:43:29","slug":"impressum","status":"publish","type":"page","link":"https:\/\/sunflow.at\/de\/impressum\/","title":{"rendered":"Impressum"},"content":{"rendered":"\n<p>Informationspflicht laut \u00a75 E-Commerce Gesetz, \u00a714 Unternehmensgesetzbuch, \u00a763 Gewerbeordnung und Offenlegungspflicht laut \u00a725 Mediengesetz.<\/p>\n\n\n\n<figure class=\"wp-block-table is-style-stripes\"><table class=\"has-fixed-layout\"><tbody><tr><td>Gesellschaft:<\/td><td>Sun Flow Energy GmbH<\/td><\/tr><tr><td>Sitz der Gesellschaft:<\/td><td>Koflergasse 19, 1120 Wien<\/td><\/tr><tr><td>Gesch\u00e4ftsf\u00fchrer:<\/td><td>Vladim\u00edr Beke\u0161<\/td><\/tr><tr><td>Firmenbuchnummer:<\/td><td>FN 604084 i<\/td><\/tr><tr><td>Firmenbuchgericht:<\/td><td>Handelsgericht Wien<\/td><\/tr><tr><td>UID-Nummer:<\/td><td>ATU79524212<\/td><\/tr><tr><td>Mitglied bei:<\/td><td>WKO<\/td><\/tr><tr><td>Tel.:<\/td><td>+43 664 930 98 487<\/td><\/tr><tr><td>Email:<\/td><td>info@sunflow.at<\/td><\/tr><tr><td>Web:<\/td><td>www.sunflowenergy.at<\/td><\/tr><tr><td>Bank:<\/td><td>BAWAG P.S.K.<\/td><\/tr><tr><td>Kontoinhaber:<\/td><td>Sun Flow Energy GmbH<\/td><\/tr><tr><td>Kontonummer:<\/td><td>13210011263<\/td><\/tr><tr><td>BLZ:<\/td><td>60000<\/td><\/tr><tr><td>BIC:<\/td><td>BAWAATWW<\/td><\/tr><tr><td>IBAN:<\/td><td>AT30 1400 0132 1001 1263<\/td><\/tr><\/tbody><\/table><\/figure>\n","protected":false},"excerpt":{"rendered":"<p>Informationspflicht laut \u00a75 E-Commerce Gesetz, \u00a714 Unternehmensgesetzbuch, \u00a763 Gewerbeordnung und Offenlegungspflicht laut \u00a725 Mediengesetz. Gesellschaft: Sun Flow Energy GmbH Sitz der Gesellschaft: Koflergasse 19, 1120 Wien Gesch\u00e4ftsf\u00fchrer: Vladim\u00edr Beke\u0161 Firmenbuchnummer: FN 604084 i Firmenbuchgericht: Handelsgericht Wien UID-Nummer: ATU79524212 Mitglied bei: WKO Tel.: +43 664 930 98 487 Email: info@sunflow.at Web: www.sunflowenergy.at Bank: BAWAG P.S.K. Kontoinhaber: [&hellip;]<\/p>\n","protected":false},"author":4,"featured_media":0,"parent":0,"menu_order":0,"comment_status":"closed","ping_status":"closed","template":"","meta":{"_acf_changed":false,"footnotes":""},"class_list":["post-466","page","type-page","status-publish","hentry"],"acf":[],"yoast_head":"<!-- This site is optimized with the Yoast SEO plugin v22.9 - https:\/\/yoast.com\/wordpress\/plugins\/seo\/ -->\n<title>Impressum - Sun Flow Energy\u00ae<\/title>\n<meta name=\"robots\" content=\"noindex, nofollow\" \/>\n<meta property=\"og:locale\" content=\"de_DE\" \/>\n<meta property=\"og:type\" content=\"article\" \/>\n<meta property=\"og:title\" content=\"Impressum - Sun Flow Energy\u00ae\" \/>\n<meta property=\"og:description\" content=\"Informationspflicht laut \u00a75 E-Commerce Gesetz, \u00a714 Unternehmensgesetzbuch, \u00a763 Gewerbeordnung und Offenlegungspflicht laut \u00a725 Mediengesetz. Gesellschaft: Sun Flow Energy GmbH Sitz der Gesellschaft: Koflergasse 19, 1120 Wien Gesch\u00e4ftsf\u00fchrer: Vladim\u00edr Beke\u0161 Firmenbuchnummer: FN 604084 i Firmenbuchgericht: Handelsgericht Wien UID-Nummer: ATU79524212 Mitglied bei: WKO Tel.: +43 664 930 98 487 Email: info@sunflow.at Web: www.sunflowenergy.at Bank: BAWAG P.S.K. Kontoinhaber: [&hellip;]\" \/>\n<meta property=\"og:url\" content=\"https:\/\/sunflow.at\/de\/impressum\/\" \/>\n<meta property=\"og:site_name\" content=\"Sun Flow Energy\u00ae\" \/>\n<meta property=\"article:publisher\" content=\"https:\/\/www.facebook.com\/profile.php?id=61552668692054\" \/>\n<meta property=\"article:modified_time\" content=\"2024-03-27T10:43:29+00:00\" \/>\n<meta name=\"twitter:card\" content=\"summary_large_image\" \/>\n<meta name=\"twitter:label1\" content=\"Gesch\u00e4tzte Lesezeit\" \/>\n\t<meta name=\"twitter:data1\" content=\"1\u00a0Minute\" \/>\n<script type=\"application\/ld+json\" class=\"yoast-schema-graph\">{\"@context\":\"https:\/\/schema.org\",\"@graph\":[{\"@type\":\"WebPage\",\"@id\":\"https:\/\/sunflow.at\/de\/impressum\/\",\"url\":\"https:\/\/sunflow.at\/de\/impressum\/\",\"name\":\"Impressum - Sun Flow Energy\u00ae\",\"isPartOf\":{\"@id\":\"https:\/\/sunflow.at\/de\/#website\"},\"datePublished\":\"2024-02-24T17:51:15+00:00\",\"dateModified\":\"2024-03-27T10:43:29+00:00\",\"breadcrumb\":{\"@id\":\"https:\/\/sunflow.at\/de\/impressum\/#breadcrumb\"},\"inLanguage\":\"de\",\"potentialAction\":[{\"@type\":\"ReadAction\",\"target\":[\"https:\/\/sunflow.at\/de\/impressum\/\"]}]},{\"@type\":\"BreadcrumbList\",\"@id\":\"https:\/\/sunflow.at\/de\/impressum\/#breadcrumb\",\"itemListElement\":[{\"@type\":\"ListItem\",\"position\":1,\"name\":\"Domovsk\u00e1 str\u00e1nka\",\"item\":\"https:\/\/sunflow.at\/de\/\"},{\"@type\":\"ListItem\",\"position\":2,\"name\":\"Impressum\"}]},{\"@type\":\"WebSite\",\"@id\":\"https:\/\/sunflow.at\/de\/#website\",\"url\":\"https:\/\/sunflow.at\/de\/\",\"name\":\"Sun Flow Energy\",\"description\":\"\",\"publisher\":{\"@id\":\"https:\/\/sunflow.at\/de\/#organization\"},\"potentialAction\":[{\"@type\":\"SearchAction\",\"target\":{\"@type\":\"EntryPoint\",\"urlTemplate\":\"https:\/\/sunflow.at\/de\/?s={search_term_string}\"},\"query-input\":\"required name=search_term_string\"}],\"inLanguage\":\"de\"},{\"@type\":\"Organization\",\"@id\":\"https:\/\/sunflow.at\/de\/#organization\",\"name\":\"Sun Flow Energy\",\"url\":\"https:\/\/sunflow.at\/de\/\",\"logo\":{\"@type\":\"ImageObject\",\"inLanguage\":\"de\",\"@id\":\"https:\/\/sunflow.at\/de\/#\/schema\/logo\/image\/\",\"url\":\"https:\/\/sunflow.at\/wp-content\/uploads\/2023\/12\/sunflow_logo-dark.svg\",\"contentUrl\":\"https:\/\/sunflow.at\/wp-content\/uploads\/2023\/12\/sunflow_logo-dark.svg\",\"width\":1,\"height\":1,\"caption\":\"Sun Flow Energy\"},\"image\":{\"@id\":\"https:\/\/sunflow.at\/de\/#\/schema\/logo\/image\/\"},\"sameAs\":[\"https:\/\/www.facebook.com\/profile.php?id=61552668692054\",\"https:\/\/www.linkedin.com\/company\/sun-flow-energy\/?viewAsMember=true\",\"https:\/\/www.instagram.com\/sunflowenergy\/\"]}]}<\/script>\n<!-- \/ Yoast SEO plugin. -->","yoast_head_json":{"title":"Impressum - Sun Flow Energy\u00ae","robots":{"index":"noindex","follow":"nofollow"},"og_locale":"de_DE","og_type":"article","og_title":"Impressum - Sun Flow Energy\u00ae","og_description":"Informationspflicht laut \u00a75 E-Commerce Gesetz, \u00a714 Unternehmensgesetzbuch, \u00a763 Gewerbeordnung und Offenlegungspflicht laut \u00a725 Mediengesetz. Gesellschaft: Sun Flow Energy GmbH Sitz der Gesellschaft: Koflergasse 19, 1120 Wien Gesch\u00e4ftsf\u00fchrer: Vladim\u00edr Beke\u0161 Firmenbuchnummer: FN 604084 i Firmenbuchgericht: Handelsgericht Wien UID-Nummer: ATU79524212 Mitglied bei: WKO Tel.: +43 664 930 98 487 Email: info@sunflow.at Web: www.sunflowenergy.at Bank: BAWAG P.S.K. Kontoinhaber: [&hellip;]","og_url":"https:\/\/sunflow.at\/de\/impressum\/","og_site_name":"Sun Flow Energy\u00ae","article_publisher":"https:\/\/www.facebook.com\/profile.php?id=61552668692054","article_modified_time":"2024-03-27T10:43:29+00:00","twitter_card":"summary_large_image","twitter_misc":{"Gesch\u00e4tzte Lesezeit":"1\u00a0Minute"},"schema":{"@context":"https:\/\/schema.org","@graph":[{"@type":"WebPage","@id":"https:\/\/sunflow.at\/de\/impressum\/","url":"https:\/\/sunflow.at\/de\/impressum\/","name":"Impressum - Sun Flow Energy\u00ae","isPartOf":{"@id":"https:\/\/sunflow.at\/de\/#website"},"datePublished":"2024-02-24T17:51:15+00:00","dateModified":"2024-03-27T10:43:29+00:00","breadcrumb":{"@id":"https:\/\/sunflow.at\/de\/impressum\/#breadcrumb"},"inLanguage":"de","potentialAction":[{"@type":"ReadAction","target":["https:\/\/sunflow.at\/de\/impressum\/"]}]},{"@type":"BreadcrumbList","@id":"https:\/\/sunflow.at\/de\/impressum\/#breadcrumb","itemListElement":[{"@type":"ListItem","position":1,"name":"Domovsk\u00e1 str\u00e1nka","item":"https:\/\/sunflow.at\/de\/"},{"@type":"ListItem","position":2,"name":"Impressum"}]},{"@type":"WebSite","@id":"https:\/\/sunflow.at\/de\/#website","url":"https:\/\/sunflow.at\/de\/","name":"Sun Flow Energy","description":"","publisher":{"@id":"https:\/\/sunflow.at\/de\/#organization"},"potentialAction":[{"@type":"SearchAction","target":{"@type":"EntryPoint","urlTemplate":"https:\/\/sunflow.at\/de\/?s={search_term_string}"},"query-input":"required name=search_term_string"}],"inLanguage":"de"},{"@type":"Organization","@id":"https:\/\/sunflow.at\/de\/#organization","name":"Sun Flow Energy","url":"https:\/\/sunflow.at\/de\/","logo":{"@type":"ImageObject","inLanguage":"de","@id":"https:\/\/sunflow.at\/de\/#\/schema\/logo\/image\/","url":"https:\/\/sunflow.at\/wp-content\/uploads\/2023\/12\/sunflow_logo-dark.svg","contentUrl":"https:\/\/sunflow.at\/wp-content\/uploads\/2023\/12\/sunflow_logo-dark.svg","width":1,"height":1,"caption":"Sun Flow Energy"},"image":{"@id":"https:\/\/sunflow.at\/de\/#\/schema\/logo\/image\/"},"sameAs":["https:\/\/www.facebook.com\/profile.php?id=61552668692054","https:\/\/www.linkedin.com\/company\/sun-flow-energy\/?viewAsMember=true","https:\/\/www.instagram.com\/sunflowenergy\/"]}]}},"_links":{"self":[{"href":"https:\/\/sunflow.at\/de\/wp-json\/wp\/v2\/pages\/466","targetHints":{"allow":["GET"]}}],"collection":[{"href":"https:\/\/sunflow.at\/de\/wp-json\/wp\/v2\/pages"}],"about":[{"href":"https:\/\/sunflow.at\/de\/wp-json\/wp\/v2\/types\/page"}],"author":[{"embeddable":true,"href":"https:\/\/sunflow.at\/de\/wp-json\/wp\/v2\/users\/4"}],"replies":[{"embeddable":true,"href":"https:\/\/sunflow.at\/de\/wp-json\/wp\/v2\/comments?post=466"}],"version-history":[{"count":3,"href":"https:\/\/sunflow.at\/de\/wp-json\/wp\/v2\/pages\/466\/revisions"}],"predecessor-version":[{"id":529,"href":"https:\/\/sunflow.at\/de\/wp-json\/wp\/v2\/pages\/466\/revisions\/529"}],"wp:attachment":[{"href":"https:\/\/sunflow.at\/de\/wp-json\/wp\/v2\/media?parent=466"}],"curies":[{"name":"wp","href":"https:\/\/api.w.org\/{rel}","templated":true}]}}